{"id":6775,"date":"2024-01-19T11:35:05","date_gmt":"2024-01-19T11:35:05","guid":{"rendered":"https:\/\/www.ricarten.com\/contact\/get-on-board\/"},"modified":"2024-01-24T01:40:32","modified_gmt":"2024-01-24T01:40:32","slug":"get-on-board","status":"publish","type":"page","link":"https:\/\/www.ricarten.com\/en\/contact\/get-on-board\/","title":{"rendered":"Get on board"},"content":{"rendered":"<p>[et_pb_section fb_built=&#8221;1&#8243; next_background_color=&#8221;#ffffff&#8221; _builder_version=&#8221;4.20.2&#8243; _module_preset=&#8221;default&#8221; use_background_color_gradient=&#8221;on&#8221; background_color_gradient_direction=&#8221;115deg&#8221; background_color_gradient_stops=&#8221;#f0fa64 0%|#ff50ff 50%|#00aff0 100%&#8221; custom_padding=&#8221;30px||100px||false|false&#8221; bottom_divider_style=&#8221;wave2&#8243; global_colors_info=&#8221;{}&#8221;][et_pb_row column_structure=&#8221;1_2,1_2&#8243; _builder_version=&#8221;4.20.2&#8243; _module_preset=&#8221;default&#8221; global_colors_info=&#8221;{}&#8221;][et_pb_column type=&#8221;1_2&#8243; _builder_version=&#8221;4.20.2&#8243; _module_preset=&#8221;default&#8221; global_colors_info=&#8221;{}&#8221;][et_pb_image src=&#8221;https:\/\/www.ricarten.com\/wp-content\/uploads\/2023\/03\/Ricarten-Morsa-con-sudadera.png&#8221; alt=&#8221;Ricarten &#8211; Walrus with hoodie&#8221; title_text=&#8221;Ricarten &#8211; Walrus with hoodie&#8221; show_bottom_space=&#8221;off&#8221; align=&#8221;center&#8221; disabled_on=&#8221;on|on|off&#8221; _builder_version=&#8221;4.24.0&#8243; _module_preset=&#8221;default&#8221; max_width=&#8221;250px&#8221; custom_margin=&#8221;||40px||false|false&#8221; custom_padding=&#8221;||||false|false&#8221; global_colors_info=&#8221;{}&#8221;][\/et_pb_image][\/et_pb_column][et_pb_column type=&#8221;1_2&#8243; _builder_version=&#8221;4.20.2&#8243; _module_preset=&#8221;default&#8221; custom_padding=&#8221;40px||||false|false&#8221; custom_padding_tablet=&#8221;40px||||false|false&#8221; custom_padding_phone=&#8221;0px||||false|false&#8221; custom_padding_last_edited=&#8221;on|phone&#8221; global_colors_info=&#8221;{}&#8221;][et_pb_text _builder_version=&#8221;4.24.0&#8243; _module_preset=&#8221;default&#8221; header_text_color=&#8221;#FFFFFF&#8221; header_font_size=&#8221;60px&#8221; header_2_text_color=&#8221;#FFFFFF&#8221; header_2_font_size=&#8221;60px&#8221; header_2_font_size_tablet=&#8221;60px&#8221; header_2_font_size_phone=&#8221;35px&#8221; header_2_font_size_last_edited=&#8221;on|phone&#8221; global_colors_info=&#8221;{}&#8221;]<\/p>\n<h1>Get on board and sell your designs on Ricarten!<\/h1>\n<p>[\/et_pb_text][et_pb_text _builder_version=&#8221;4.24.0&#8243; _module_preset=&#8221;default&#8221; text_text_color=&#8221;#FFFFFF&#8221; global_colors_info=&#8221;{}&#8221;]<\/p>\n<p><span>We have a space for your designs!<\/span><\/p>\n<p>[\/et_pb_text][\/et_pb_column][\/et_pb_row][\/et_pb_section][et_pb_section fb_built=&#8221;1&#8243; _builder_version=&#8221;4.20.2&#8243; _module_preset=&#8221;default&#8221; global_colors_info=&#8221;{}&#8221;][et_pb_row _builder_version=&#8221;4.20.2&#8243; _module_preset=&#8221;default&#8221; global_colors_info=&#8221;{}&#8221;][et_pb_column type=&#8221;4_4&#8243; _builder_version=&#8221;4.20.2&#8243; _module_preset=&#8221;default&#8221; global_colors_info=&#8221;{}&#8221;][et_pb_text _builder_version=&#8221;4.24.0&#8243; _module_preset=&#8221;default&#8221; global_colors_info=&#8221;{}&#8221;]<\/p>\n<h2>YOOOOOOOWWW!!<\/h2>\n<p>[\/et_pb_text][et_pb_text _builder_version=&#8221;4.24.0&#8243; _module_preset=&#8221;default&#8221; global_colors_info=&#8221;{}&#8221;]<\/p>\n<p>Get on board and sell at Ricarten! If you are starting or already have a community on Twitch or YouTube, we have a space for you to create your products with your logo or things from your channel&#8217;s lore. What are you waiting for?<\/p>\n<p>Ricarten is a site that was born from the idea of the world of the internet and video games, so this is a fantasy place.<\/p>\n<p>We are interested in people who believe in the Ricarten project and think that there is no better place to sell their products than this space we are creating. Ricarten represents you!<\/p>\n<p>Tell us a little about what you do and leave us the link to your channel so we can take a look.<\/p>\n<p>Go ahead!<\/p>\n<p>[\/et_pb_text][et_pb_contact_form email=&#8221;info@ricarten.com&#8221; custom_message=&#8221;Consulta realizada a trav\u00e9s del formulario en INGL\u00c9S de s\u00fabete al carro.||et_pb_line_break_holder||||et_pb_line_break_holder||Nombre: %%Name%%||et_pb_line_break_holder||Email: %%Email%%||et_pb_line_break_holder||URL: %%enlace%%||et_pb_line_break_holder||Tel\u00e9fono: %%telefono%%||et_pb_line_break_holder||||et_pb_line_break_holder||Mensaje: %%message%%&#8221; success_message=&#8221;Well done! In the meantime, you can follow us on social media\ud83d\ude09 Talk to you soon!&#8221; _builder_version=&#8221;4.24.0&#8243; _module_preset=&#8221;default&#8221; _unique_id=&#8221;d3188f15-7b43-47a5-a7fa-b24525da4078&#8243; custom_button=&#8221;on&#8221; hover_enabled=&#8221;0&#8243; global_colors_info=&#8221;{}&#8221; button_bg_color__hover_enabled=&#8221;on|hover&#8221; button_text_color__hover_enabled=&#8221;on|hover&#8221; button_text_color__hover=&#8221;#fa820f&#8221; button_border_color__hover_enabled=&#8221;on|hover&#8221; button_border_color__hover=&#8221;#fa820f&#8221; sticky_enabled=&#8221;0&#8243;][et_pb_contact_field field_id=&#8221;Name&#8221; field_title=&#8221;Name&#8221; _builder_version=&#8221;4.20.2&#8243; global_colors_info=&#8221;{}&#8221; button_text_size__hover_enabled=&#8221;off&#8221; button_one_text_size__hover_enabled=&#8221;off&#8221; button_two_text_size__hover_enabled=&#8221;off&#8221; button_text_color__hover_enabled=&#8221;off&#8221; button_one_text_color__hover_enabled=&#8221;off&#8221; button_two_text_color__hover_enabled=&#8221;off&#8221; button_border_width__hover_enabled=&#8221;off&#8221; button_one_border_width__hover_enabled=&#8221;off&#8221; button_two_border_width__hover_enabled=&#8221;off&#8221; button_border_color__hover_enabled=&#8221;off&#8221; button_one_border_color__hover_enabled=&#8221;off&#8221; button_two_border_color__hover_enabled=&#8221;off&#8221; button_border_radius__hover_enabled=&#8221;off&#8221; button_one_border_radius__hover_enabled=&#8221;off&#8221; button_two_border_radius__hover_enabled=&#8221;off&#8221; button_letter_spacing__hover_enabled=&#8221;off&#8221; button_one_letter_spacing__hover_enabled=&#8221;off&#8221; button_two_letter_spacing__hover_enabled=&#8221;off&#8221; button_bg_color__hover_enabled=&#8221;off&#8221; button_one_bg_color__hover_enabled=&#8221;off&#8221; button_two_bg_color__hover_enabled=&#8221;off&#8221;][\/et_pb_contact_field][et_pb_contact_field field_id=&#8221;Email&#8221; field_title=&#8221;Email address&#8221; field_type=&#8221;email&#8221; _builder_version=&#8221;4.16&#8243; global_colors_info=&#8221;{}&#8221; button_text_size__hover_enabled=&#8221;off&#8221; button_one_text_size__hover_enabled=&#8221;off&#8221; button_two_text_size__hover_enabled=&#8221;off&#8221; button_text_color__hover_enabled=&#8221;off&#8221; button_one_text_color__hover_enabled=&#8221;off&#8221; button_two_text_color__hover_enabled=&#8221;off&#8221; button_border_width__hover_enabled=&#8221;off&#8221; button_one_border_width__hover_enabled=&#8221;off&#8221; button_two_border_width__hover_enabled=&#8221;off&#8221; button_border_color__hover_enabled=&#8221;off&#8221; button_one_border_color__hover_enabled=&#8221;off&#8221; button_two_border_color__hover_enabled=&#8221;off&#8221; button_border_radius__hover_enabled=&#8221;off&#8221; button_one_border_radius__hover_enabled=&#8221;off&#8221; button_two_border_radius__hover_enabled=&#8221;off&#8221; button_letter_spacing__hover_enabled=&#8221;off&#8221; button_one_letter_spacing__hover_enabled=&#8221;off&#8221; button_two_letter_spacing__hover_enabled=&#8221;off&#8221; button_bg_color__hover_enabled=&#8221;off&#8221; button_one_bg_color__hover_enabled=&#8221;off&#8221; button_two_bg_color__hover_enabled=&#8221;off&#8221;][\/et_pb_contact_field][et_pb_contact_field field_id=&#8221;Enlace&#8221; field_title=&#8221;Link to your Twitch or YouTube channel&#8221; fullwidth_field=&#8221;on&#8221; _builder_version=&#8221;4.24.0&#8243; _module_preset=&#8221;default&#8221; global_colors_info=&#8221;{}&#8221;][\/et_pb_contact_field][et_pb_contact_field field_id=&#8221;Telefono&#8221; field_title=&#8221;Phone number (optional)&#8221; required_mark=&#8221;off&#8221; fullwidth_field=&#8221;on&#8221; _builder_version=&#8221;4.20.2&#8243; _module_preset=&#8221;default&#8221; global_colors_info=&#8221;{}&#8221;][\/et_pb_contact_field][et_pb_contact_field field_id=&#8221;Message&#8221; field_title=&#8221;Tell us a little about what you do&#8221; field_type=&#8221;text&#8221; fullwidth_field=&#8221;on&#8221; _builder_version=&#8221;4.24.0&#8243; global_colors_info=&#8221;{}&#8221; button_text_size__hover_enabled=&#8221;off&#8221; button_one_text_size__hover_enabled=&#8221;off&#8221; button_two_text_size__hover_enabled=&#8221;off&#8221; button_text_color__hover_enabled=&#8221;off&#8221; button_one_text_color__hover_enabled=&#8221;off&#8221; button_two_text_color__hover_enabled=&#8221;off&#8221; button_border_width__hover_enabled=&#8221;off&#8221; button_one_border_width__hover_enabled=&#8221;off&#8221; button_two_border_width__hover_enabled=&#8221;off&#8221; button_border_color__hover_enabled=&#8221;off&#8221; button_one_border_color__hover_enabled=&#8221;off&#8221; button_two_border_color__hover_enabled=&#8221;off&#8221; button_border_radius__hover_enabled=&#8221;off&#8221; button_one_border_radius__hover_enabled=&#8221;off&#8221; button_two_border_radius__hover_enabled=&#8221;off&#8221; button_letter_spacing__hover_enabled=&#8221;off&#8221; button_one_letter_spacing__hover_enabled=&#8221;off&#8221; button_two_letter_spacing__hover_enabled=&#8221;off&#8221; button_bg_color__hover_enabled=&#8221;off&#8221; button_one_bg_color__hover_enabled=&#8221;off&#8221; button_two_bg_color__hover_enabled=&#8221;off&#8221;][\/et_pb_contact_field][\/et_pb_contact_form][\/et_pb_column][\/et_pb_row][\/et_pb_section]<\/p>\n","protected":false},"excerpt":{"rendered":"<p>Get on board and sell your designs on Ricarten!We have a space for your designs!YOOOOOOOWWW!!Get on board and sell at Ricarten! If you are starting or already have a community on Twitch or YouTube, we have a space for you to create your products with your logo or things from your channel&#8217;s lore. What are [&hellip;]<\/p>\n","protected":false},"author":1,"featured_media":0,"parent":2311,"menu_order":0,"comment_status":"closed","ping_status":"closed","template":"","meta":{"_et_pb_use_builder":"on","_et_pb_old_content":"","_et_gb_content_width":"","footnotes":""},"class_list":["post-6775","page","type-page","status-publish","hentry"],"yoast_head":"<!-- This site is optimized with the Yoast SEO plugin v27.3 - https:\/\/yoast.com\/product\/yoast-seo-wordpress\/ -->\n<title>Get on board - Simply unique<\/title>\n<meta name=\"description\" content=\"Get on board and sell your designs on Ricarten! Whether you are a streamer, YouTuber or influencer, we have a space for you. What are you waiting for?\" \/>\n<meta name=\"robots\" content=\"index, follow, max-snippet:-1, max-image-preview:large, max-video-preview:-1\" \/>\n<link rel=\"canonical\" href=\"https:\/\/www.ricarten.com\/en\/contact\/get-on-board\/\" \/>\n<meta property=\"og:locale\" content=\"en_US\" \/>\n<meta property=\"og:type\" content=\"article\" \/>\n<meta property=\"og:title\" content=\"Get on board - Simply unique\" \/>\n<meta property=\"og:description\" content=\"Get on board and sell your designs on Ricarten! Whether you are a streamer, YouTuber or influencer, we have a space for you. What are you waiting for?\" \/>\n<meta property=\"og:url\" content=\"https:\/\/www.ricarten.com\/en\/contact\/get-on-board\/\" \/>\n<meta property=\"og:site_name\" content=\"Simply unique\" \/>\n<meta property=\"article:modified_time\" content=\"2024-01-24T01:40:32+00:00\" \/>\n<meta name=\"twitter:card\" content=\"summary_large_image\" \/>\n<meta name=\"twitter:label1\" content=\"Est. reading time\" \/>\n\t<meta name=\"twitter:data1\" content=\"6 minutes\" \/>\n<script type=\"application\/ld+json\" class=\"yoast-schema-graph\">{\"@context\":\"https:\\\/\\\/schema.org\",\"@graph\":[{\"@type\":\"WebPage\",\"@id\":\"https:\\\/\\\/www.ricarten.com\\\/en\\\/contact\\\/get-on-board\\\/\",\"url\":\"https:\\\/\\\/www.ricarten.com\\\/en\\\/contact\\\/get-on-board\\\/\",\"name\":\"Get on board - Simply unique\",\"isPartOf\":{\"@id\":\"https:\\\/\\\/www.ricarten.com\\\/en\\\/#website\"},\"datePublished\":\"2024-01-19T11:35:05+00:00\",\"dateModified\":\"2024-01-24T01:40:32+00:00\",\"description\":\"Get on board and sell your designs on Ricarten! Whether you are a streamer, YouTuber or influencer, we have a space for you. What are you waiting for?\",\"breadcrumb\":{\"@id\":\"https:\\\/\\\/www.ricarten.com\\\/en\\\/contact\\\/get-on-board\\\/#breadcrumb\"},\"inLanguage\":\"en-US\",\"potentialAction\":[{\"@type\":\"ReadAction\",\"target\":[\"https:\\\/\\\/www.ricarten.com\\\/en\\\/contact\\\/get-on-board\\\/\"]}]},{\"@type\":\"BreadcrumbList\",\"@id\":\"https:\\\/\\\/www.ricarten.com\\\/en\\\/contact\\\/get-on-board\\\/#breadcrumb\",\"itemListElement\":[{\"@type\":\"ListItem\",\"position\":1,\"name\":\"Portada\",\"item\":\"https:\\\/\\\/www.ricarten.com\\\/en\\\/ricarten\\\/\"},{\"@type\":\"ListItem\",\"position\":2,\"name\":\"Contact\",\"item\":\"https:\\\/\\\/www.ricarten.com\\\/en\\\/contact\\\/\"},{\"@type\":\"ListItem\",\"position\":3,\"name\":\"Get on board\"}]},{\"@type\":\"WebSite\",\"@id\":\"https:\\\/\\\/www.ricarten.com\\\/en\\\/#website\",\"url\":\"https:\\\/\\\/www.ricarten.com\\\/en\\\/\",\"name\":\"Simply unique\",\"description\":\"Ricarten es la tienda online m\u00e1s exclusiva. A mayor rareza, menor cantidad \u00a1Todos nuestros art\u00edculos son edici\u00f3n limitada!\",\"publisher\":{\"@id\":\"https:\\\/\\\/www.ricarten.com\\\/en\\\/#organization\"},\"alternateName\":\"Ricarten\",\"potentialAction\":[{\"@type\":\"SearchAction\",\"target\":{\"@type\":\"EntryPoint\",\"urlTemplate\":\"https:\\\/\\\/www.ricarten.com\\\/en\\\/?s={search_term_string}\"},\"query-input\":{\"@type\":\"PropertyValueSpecification\",\"valueRequired\":true,\"valueName\":\"search_term_string\"}}],\"inLanguage\":\"en-US\"},{\"@type\":\"Organization\",\"@id\":\"https:\\\/\\\/www.ricarten.com\\\/en\\\/#organization\",\"name\":\"Ricarten\",\"url\":\"https:\\\/\\\/www.ricarten.com\\\/en\\\/\",\"logo\":{\"@type\":\"ImageObject\",\"inLanguage\":\"en-US\",\"@id\":\"https:\\\/\\\/www.ricarten.com\\\/en\\\/#\\\/schema\\\/logo\\\/image\\\/\",\"url\":\"https:\\\/\\\/www.ricarten.com\\\/wp-content\\\/uploads\\\/2023\\\/02\\\/HQ-Ricarten-Unico-no-BG.png\",\"contentUrl\":\"https:\\\/\\\/www.ricarten.com\\\/wp-content\\\/uploads\\\/2023\\\/02\\\/HQ-Ricarten-Unico-no-BG.png\",\"width\":3788,\"height\":700,\"caption\":\"Ricarten\"},\"image\":{\"@id\":\"https:\\\/\\\/www.ricarten.com\\\/en\\\/#\\\/schema\\\/logo\\\/image\\\/\"},\"sameAs\":[\"https:\\\/\\\/www.instagram.com\\\/ricartenofficial\\\/\",\"https:\\\/\\\/www.tiktok.com\\\/@ricarten\"]}]}<\/script>\n<!-- \/ Yoast SEO plugin. -->","yoast_head_json":{"title":"Get on board - Simply unique","description":"Get on board and sell your designs on Ricarten! Whether you are a streamer, YouTuber or influencer, we have a space for you. What are you waiting for?","robots":{"index":"index","follow":"follow","max-snippet":"max-snippet:-1","max-image-preview":"max-image-preview:large","max-video-preview":"max-video-preview:-1"},"canonical":"https:\/\/www.ricarten.com\/en\/contact\/get-on-board\/","og_locale":"en_US","og_type":"article","og_title":"Get on board - Simply unique","og_description":"Get on board and sell your designs on Ricarten! Whether you are a streamer, YouTuber or influencer, we have a space for you. What are you waiting for?","og_url":"https:\/\/www.ricarten.com\/en\/contact\/get-on-board\/","og_site_name":"Simply unique","article_modified_time":"2024-01-24T01:40:32+00:00","twitter_card":"summary_large_image","twitter_misc":{"Est. reading time":"6 minutes"},"schema":{"@context":"https:\/\/schema.org","@graph":[{"@type":"WebPage","@id":"https:\/\/www.ricarten.com\/en\/contact\/get-on-board\/","url":"https:\/\/www.ricarten.com\/en\/contact\/get-on-board\/","name":"Get on board - Simply unique","isPartOf":{"@id":"https:\/\/www.ricarten.com\/en\/#website"},"datePublished":"2024-01-19T11:35:05+00:00","dateModified":"2024-01-24T01:40:32+00:00","description":"Get on board and sell your designs on Ricarten! Whether you are a streamer, YouTuber or influencer, we have a space for you. What are you waiting for?","breadcrumb":{"@id":"https:\/\/www.ricarten.com\/en\/contact\/get-on-board\/#breadcrumb"},"inLanguage":"en-US","potentialAction":[{"@type":"ReadAction","target":["https:\/\/www.ricarten.com\/en\/contact\/get-on-board\/"]}]},{"@type":"BreadcrumbList","@id":"https:\/\/www.ricarten.com\/en\/contact\/get-on-board\/#breadcrumb","itemListElement":[{"@type":"ListItem","position":1,"name":"Portada","item":"https:\/\/www.ricarten.com\/en\/ricarten\/"},{"@type":"ListItem","position":2,"name":"Contact","item":"https:\/\/www.ricarten.com\/en\/contact\/"},{"@type":"ListItem","position":3,"name":"Get on board"}]},{"@type":"WebSite","@id":"https:\/\/www.ricarten.com\/en\/#website","url":"https:\/\/www.ricarten.com\/en\/","name":"Simply unique","description":"Ricarten es la tienda online m\u00e1s exclusiva. A mayor rareza, menor cantidad \u00a1Todos nuestros art\u00edculos son edici\u00f3n limitada!","publisher":{"@id":"https:\/\/www.ricarten.com\/en\/#organization"},"alternateName":"Ricarten","potentialAction":[{"@type":"SearchAction","target":{"@type":"EntryPoint","urlTemplate":"https:\/\/www.ricarten.com\/en\/?s={search_term_string}"},"query-input":{"@type":"PropertyValueSpecification","valueRequired":true,"valueName":"search_term_string"}}],"inLanguage":"en-US"},{"@type":"Organization","@id":"https:\/\/www.ricarten.com\/en\/#organization","name":"Ricarten","url":"https:\/\/www.ricarten.com\/en\/","logo":{"@type":"ImageObject","inLanguage":"en-US","@id":"https:\/\/www.ricarten.com\/en\/#\/schema\/logo\/image\/","url":"https:\/\/www.ricarten.com\/wp-content\/uploads\/2023\/02\/HQ-Ricarten-Unico-no-BG.png","contentUrl":"https:\/\/www.ricarten.com\/wp-content\/uploads\/2023\/02\/HQ-Ricarten-Unico-no-BG.png","width":3788,"height":700,"caption":"Ricarten"},"image":{"@id":"https:\/\/www.ricarten.com\/en\/#\/schema\/logo\/image\/"},"sameAs":["https:\/\/www.instagram.com\/ricartenofficial\/","https:\/\/www.tiktok.com\/@ricarten"]}]}},"_links":{"self":[{"href":"https:\/\/www.ricarten.com\/en\/wp-json\/wp\/v2\/pages\/6775","targetHints":{"allow":["GET"]}}],"collection":[{"href":"https:\/\/www.ricarten.com\/en\/wp-json\/wp\/v2\/pages"}],"about":[{"href":"https:\/\/www.ricarten.com\/en\/wp-json\/wp\/v2\/types\/page"}],"author":[{"embeddable":true,"href":"https:\/\/www.ricarten.com\/en\/wp-json\/wp\/v2\/users\/1"}],"replies":[{"embeddable":true,"href":"https:\/\/www.ricarten.com\/en\/wp-json\/wp\/v2\/comments?post=6775"}],"version-history":[{"count":2,"href":"https:\/\/www.ricarten.com\/en\/wp-json\/wp\/v2\/pages\/6775\/revisions"}],"predecessor-version":[{"id":6777,"href":"https:\/\/www.ricarten.com\/en\/wp-json\/wp\/v2\/pages\/6775\/revisions\/6777"}],"up":[{"embeddable":true,"href":"https:\/\/www.ricarten.com\/en\/wp-json\/wp\/v2\/pages\/2311"}],"wp:attachment":[{"href":"https:\/\/www.ricarten.com\/en\/wp-json\/wp\/v2\/media?parent=6775"}],"curies":[{"name":"wp","href":"https:\/\/api.w.org\/{rel}","templated":true}]}}